{"id":165,"date":"2016-12-29T23:24:23","date_gmt":"2016-12-29T22:24:23","guid":{"rendered":"https:\/\/eloa-sahiry.fr\/?page_id=165"},"modified":"2017-05-30T09:42:34","modified_gmt":"2017-05-30T07:42:34","slug":"coaching","status":"publish","type":"page","link":"https:\/\/eloa-sahiry.fr\/index.php\/coaching\/","title":{"rendered":"Coaching"},"content":{"rendered":"<p style=\"text-align: center;\"><strong>Etre vrai et viser juste.<\/strong><\/p>\n<p style=\"text-align: left;\">En management, en communication, en formation, en \u00e9cole ou en institutions, beaucoup mettent ensemble des mots d\u00e9pourvus de sens. Or le public, les financeurs, les \u00e9quipes attendent et entendent ce qui fait sens pour eux.<\/p>\n<p style=\"text-align: center;\"><strong>Se singularise, sortir du lot.<br \/>\n<\/strong><\/p>\n<p style=\"text-align: left;\">J&rsquo;accompagne des leaders, directeurs d&rsquo;entreprise, managers, start-ups, porteurs de projets, producteurs, charg\u00e9s de diffusion dans le but de captiver la cible vis\u00e9e (clients, prospects, financiers, sponsors, talents, etc.)<\/p>\n<p style=\"text-align: left;\">Ce sont des accompagnements courts et motivants, en fran\u00e7ais comme en anglais.<\/p>\n<p class=\"font_8\" style=\"text-align: left;\"><span class=\"color_16\">\u00a0Il s&rsquo;agit de travailler sur la forme mais aussi sur le fond, en abordant :<br \/>\n<\/span><\/p>\n<ul>\n<li style=\"text-align: left;\"><span class=\"color_11\">les formats de <em>pitchs<\/em><\/span><\/li>\n<li style=\"text-align: left;\"><span class=\"color_11\">la structuration de l&rsquo;argumentaire <\/span><\/li>\n<li style=\"text-align: left;\">la synth\u00e8se et l&rsquo;accroche<\/li>\n<li style=\"text-align: left;\">le <em>storytelling<\/em><\/li>\n<li style=\"text-align: left;\">la pr\u00e9sence<\/li>\n<li style=\"text-align: left;\">la voix<\/li>\n<li style=\"text-align: left;\">la coordination<\/li>\n<li style=\"text-align: left;\">la respiration<\/li>\n<li style=\"text-align: left;\">le trac et le stress<\/li>\n<li style=\"text-align: left;\">la tenue<\/li>\n<li style=\"text-align: left;\">et&#8230; le plus de chacun<\/li>\n<\/ul>\n<p style=\"text-align: left;\">Etre pr\u00eat(e)s pour un bilan aupr\u00e8s des membres du directoire comme pour d\u00e9crocher un financement ou une pr\u00e9sentation en jury international.<\/p>\n<div id=\"comp-iv6cmijt\" class=\"s4\" data-reactid=\".0.$SITE_ROOT.$desktop_siteRoot.$PAGES_CONTAINER.1.1.$SITE_PAGES.$c1vw1.1.$comp-iv6cmijt\">\n<h5 class=\"font_5\"><span class=\"wixGuard\">\u200b<\/span><\/h5>\n<\/div>\n","protected":false},"excerpt":{"rendered":"<p>Etre vrai et viser juste. En management, en communication, en formation, en \u00e9cole ou en institutions, beaucoup mettent ensemble des mots d\u00e9pourvus de sens. Or le public, les financeurs, les \u00e9quipes attendent et entendent ce qui fait sens pour eux. Se singularise, sortir du lot. J&rsquo;accompagne des leaders, directeurs d&rsquo;entreprise, managers, start-ups, porteurs de projets, &hellip; <\/p>\n<p class=\"link-more\"><a href=\"https:\/\/eloa-sahiry.fr\/index.php\/coaching\/\" class=\"more-link\">Continuer la lecture<span class=\"screen-reader-text\"> de &laquo;&nbsp;Coaching&nbsp;&raquo;<\/span><\/a><\/p>\n","protected":false},"author":1,"featured_media":0,"parent":0,"menu_order":0,"comment_status":"closed","ping_status":"closed","template":"","meta":{"footnotes":""},"class_list":["post-165","page","type-page","status-publish","hentry"],"_links":{"self":[{"href":"https:\/\/eloa-sahiry.fr\/index.php\/wp-json\/wp\/v2\/pages\/165","targetHints":{"allow":["GET"]}}],"collection":[{"href":"https:\/\/eloa-sahiry.fr\/index.php\/wp-json\/wp\/v2\/pages"}],"about":[{"href":"https:\/\/eloa-sahiry.fr\/index.php\/wp-json\/wp\/v2\/types\/page"}],"author":[{"embeddable":true,"href":"https:\/\/eloa-sahiry.fr\/index.php\/wp-json\/wp\/v2\/users\/1"}],"replies":[{"embeddable":true,"href":"https:\/\/eloa-sahiry.fr\/index.php\/wp-json\/wp\/v2\/comments?post=165"}],"version-history":[{"count":11,"href":"https:\/\/eloa-sahiry.fr\/index.php\/wp-json\/wp\/v2\/pages\/165\/revisions"}],"predecessor-version":[{"id":342,"href":"https:\/\/eloa-sahiry.fr\/index.php\/wp-json\/wp\/v2\/pages\/165\/revisions\/342"}],"wp:attachment":[{"href":"https:\/\/eloa-sahiry.fr\/index.php\/wp-json\/wp\/v2\/media?parent=165"}],"curies":[{"name":"wp","href":"https:\/\/api.w.org\/{rel}","templated":true}]}}