{"id":277,"date":"2017-01-21T21:52:28","date_gmt":"2017-01-21T20:52:28","guid":{"rendered":"https:\/\/eloa-sahiry.fr\/?page_id=277"},"modified":"2017-05-30T09:34:41","modified_gmt":"2017-05-30T07:34:41","slug":"objectifs","status":"publish","type":"page","link":"https:\/\/eloa-sahiry.fr\/index.php\/squitz\/objectifs\/","title":{"rendered":"Accompagnements"},"content":{"rendered":"<p style=\"text-align: left;\">Donner de l\u2019ampleur. Structurer son ambition. Apprivoiser ses peurs.\u00a0 D\u00e9velopper sa singularit\u00e9. Penser \u00ab\u00a0<em>out of the box<\/em>\u00a0\u00bb et agir de mani\u00e8re nouvelle pour trouver sa place et \u00eatre \u00e0 l\u2019\u00e9quilibre dans sa vie professionnelle.<\/p>\n<p style=\"text-align: left;\">Que ce soit pour une personne en particulier ou pour une \u00e9quipe, il s\u2019agit d&rsquo; :<\/p>\n<ul style=\"text-align: left;\">\n<li>accompagner de fa\u00e7on personnalis\u00e9e \u00e0 la gestion de carri\u00e8re en d\u00e9codant l\u2019environnement professionnel,<\/li>\n<li>identifier et d\u00e9passer les peurs et les freins,<\/li>\n<li>analyser les comp\u00e9tences, les capacit\u00e9s et la viabilit\u00e9 du projet<\/li>\n<li>susciter le \u00ab\u00a0passage \u00e0 l\u2019action\u00a0\u00bb dans la professionnalisation,<\/li>\n<li>appr\u00e9hender le temps \u00e0 court, moyen et long termes.<\/li>\n<\/ul>\n<p style=\"text-align: left;\">C\u2019est aussi\u00a0:<\/p>\n<ul style=\"text-align: left;\">\n<li>accompagner les \u00ab\u00a0cadres\u00a0\u00bb \u00e0 s\u2019investir dans leur management op\u00e9rationnel,<\/li>\n<li>comprendre ses failles et d\u00e9velopper ses atouts,<\/li>\n<li>amener les \u00e9quipes vers la performance,<\/li>\n<li>cr\u00e9er de la coh\u00e9sion dans les \u00e9quipes par la cr\u00e9ativit\u00e9 (<em>Teambuilding<\/em> et <em>Ice breaker<\/em>),<\/li>\n<li>mettre en \u0153uvre des pratiques saines du leadership,<\/li>\n<li>prendre en compte la \u00ab\u00a0g\u00e9n\u00e9ration Z\u00a0\u00bb et favoriser l\u2019intrapreunariat.<\/li>\n<\/ul>\n<p style=\"text-align: left;\">Cela revient \u00e0 \u00ab\u00a0passer la marche du dessus\u00a0\u00bb et enclencher une vitesse sup\u00e9rieure, autrement dit\u00a0:<\/p>\n<ul style=\"text-align: left;\">\n<li>d\u00e9coller les id\u00e9es pr\u00e9con\u00e7ues pour rester r\u00e9aliste,<\/li>\n<li>donner du sens \u00e0 son chemin tout en restant les pieds sur terre,<\/li>\n<li>mettre en action une reconversion professionnelle tout comme une cr\u00e9ation d\u2019entreprise.<\/li>\n<li>\u00a0aller jusqu\u2019au bout de son projet<\/li>\n<\/ul>\n<p style=\"text-align: left;\">Mais aussi :<\/p>\n<ul style=\"text-align: left;\">\n<li>Accompagner et consolider l\u2019entrepreneuriat au f\u00e9minin.<\/li>\n<li>S\u2019affranchir de croyances sociales et professionnelles limitantes pour aller plus haut et mieux.<\/li>\n<li>D\u00e9coder les comportements.<\/li>\n<li>Apprendre \u00e0 diriger et \u00e0 se diriger.<\/li>\n<\/ul>\n<p style=\"text-align: left;\">\n","protected":false},"excerpt":{"rendered":"<p>Donner de l\u2019ampleur. Structurer son ambition. Apprivoiser ses peurs.\u00a0 D\u00e9velopper sa singularit\u00e9. Penser \u00ab\u00a0out of the box\u00a0\u00bb et agir de mani\u00e8re nouvelle pour trouver sa place et \u00eatre \u00e0 l\u2019\u00e9quilibre dans sa vie professionnelle. Que ce soit pour une personne en particulier ou pour une \u00e9quipe, il s\u2019agit d&rsquo; : accompagner de fa\u00e7on personnalis\u00e9e \u00e0 &hellip; <\/p>\n<p class=\"link-more\"><a href=\"https:\/\/eloa-sahiry.fr\/index.php\/squitz\/objectifs\/\" class=\"more-link\">Continuer la lecture<span class=\"screen-reader-text\"> de &laquo;&nbsp;Accompagnements&nbsp;&raquo;<\/span><\/a><\/p>\n","protected":false},"author":1,"featured_media":0,"parent":77,"menu_order":2,"comment_status":"closed","ping_status":"closed","template":"","meta":{"footnotes":""},"class_list":["post-277","page","type-page","status-publish","hentry"],"_links":{"self":[{"href":"https:\/\/eloa-sahiry.fr\/index.php\/wp-json\/wp\/v2\/pages\/277","targetHints":{"allow":["GET"]}}],"collection":[{"href":"https:\/\/eloa-sahiry.fr\/index.php\/wp-json\/wp\/v2\/pages"}],"about":[{"href":"https:\/\/eloa-sahiry.fr\/index.php\/wp-json\/wp\/v2\/types\/page"}],"author":[{"embeddable":true,"href":"https:\/\/eloa-sahiry.fr\/index.php\/wp-json\/wp\/v2\/users\/1"}],"replies":[{"embeddable":true,"href":"https:\/\/eloa-sahiry.fr\/index.php\/wp-json\/wp\/v2\/comments?post=277"}],"version-history":[{"count":9,"href":"https:\/\/eloa-sahiry.fr\/index.php\/wp-json\/wp\/v2\/pages\/277\/revisions"}],"predecessor-version":[{"id":338,"href":"https:\/\/eloa-sahiry.fr\/index.php\/wp-json\/wp\/v2\/pages\/277\/revisions\/338"}],"up":[{"embeddable":true,"href":"https:\/\/eloa-sahiry.fr\/index.php\/wp-json\/wp\/v2\/pages\/77"}],"wp:attachment":[{"href":"https:\/\/eloa-sahiry.fr\/index.php\/wp-json\/wp\/v2\/media?parent=277"}],"curies":[{"name":"wp","href":"https:\/\/api.w.org\/{rel}","templated":true}]}}