{"id":68,"date":"2016-12-18T19:33:21","date_gmt":"2016-12-18T18:33:21","guid":{"rendered":"https:\/\/eloa-sahiry.fr\/?page_id=68"},"modified":"2017-05-30T09:43:19","modified_gmt":"2017-05-30T07:43:19","slug":"pitch-storytelling","status":"publish","type":"page","link":"https:\/\/eloa-sahiry.fr\/index.php\/pitch-storytelling\/","title":{"rendered":"Pitch &#038; Storytelling"},"content":{"rendered":"<h6><span style=\"color: #333333;\">Qu&rsquo;est -ce-que le pitch ?\u00a0\u200b<\/span><\/h6>\n<p>Le pitch est un argumentaire commercial qui requiert de viser juste.<\/p>\n<h6>Qu\u2019est-ce-que le storytelling\u00a0?<\/h6>\n<p>Le storytelling\u00a0est une m\u00e9thode de communication qui prend appui sur la structure narrative du discours et qui permet de captiver son auditoire.<\/p>\n<p>&nbsp;<\/p>\n<p style=\"text-align: left;\">L&rsquo;art d&rsquo;\u00e9difier des ponts propices \u00e0 des \u00e9changes de qualit\u00e9.<\/p>\n<p>\u00a0Pour beaucoup, il est plus facile de d\u00e9biter du jargon et de se fondre dans une communication neutre. Mais le plus facile ne veut pas dire le meilleur\u2026<\/p>\n<p>Savoir transmettre vos id\u00e9es \u00e0 vos collaborateurs ou \u00e0 un auditoire, inspirer confiance et int\u00e9r\u00eat \u00e0 d\u2019\u00e9ventuels investisseurs pour conqu\u00e9rir de nouveaux march\u00e9s, d\u00e9sormais, \u00e0 l\u2019heure de l\u2019information instantan\u00e9e, nos interlocuteurs exigent plus que jamais clart\u00e9, attention, et efficacit\u00e9.<\/p>\n<p style=\"text-align: left;\">D\u00e9fendre et lui donner vie \u00e0 son projet. Capter l\u2019attention. Etre dans la justesse. Captiver pour convaincre.<\/p>\n<p style=\"text-align: center;\"><strong>C\u2019est un <em>one-shot<\/em>.<\/strong><\/p>\n<p>Il faut savoir viser juste pour faire mouche, choisir avec soin les mots, cr\u00e9er de la pr\u00e9sence et poser sa voix pour traduire parfaitement ce que vous voulez transmettre.<\/p>\n<p>J&rsquo;accompagne l\u2019enthousiasme de la jeunesse \u00e0 se poser et la timidit\u00e9 ou l\u2019anxi\u00e9t\u00e9 \u00e0 se faire plus libre, solide et confiante. Je collabore avec des professionnels habitu\u00e9s aux discours et aux conf\u00e9rences \u00e0 faire un pas de c\u00f4t\u00e9.<\/p>\n<p style=\"text-align: center;\"><strong>Oublier d\u2019\u00eatre, c\u2019est se faire avoir \u2013 Anatole<\/strong><\/p>\n<p>Apporter une analyse constructive et bienveillante. Appr\u00e9hender les freins. Prendre appui sur les atouts. Construire ensemble.<\/p>\n<p>Mon r\u00f4le consiste \u00e0 inviter, par petites touches, \u00e0 l\u2019art de la prise de parole en public en partant de la personne, sa personnalit\u00e9, son temp\u00e9rament, ses forces. Faire \u00e9clore chez elle toute l\u2019ampleur de son potentiel et de son projet.<\/p>\n<p style=\"text-align: center;\"><strong>Etre pr\u00eat(e). Convaincre.<\/strong><\/p>\n<p>&nbsp;<\/p>\n","protected":false},"excerpt":{"rendered":"<p>Qu&rsquo;est -ce-que le pitch ?\u00a0\u200b Le pitch est un argumentaire commercial qui requiert de viser juste. Qu\u2019est-ce-que le storytelling\u00a0? Le storytelling\u00a0est une m\u00e9thode de communication qui prend appui sur la structure narrative du discours et qui permet de captiver son auditoire. &nbsp; L&rsquo;art d&rsquo;\u00e9difier des ponts propices \u00e0 des \u00e9changes de qualit\u00e9. \u00a0Pour beaucoup, il &hellip; <\/p>\n<p class=\"link-more\"><a href=\"https:\/\/eloa-sahiry.fr\/index.php\/pitch-storytelling\/\" class=\"more-link\">Continuer la lecture<span class=\"screen-reader-text\"> de &laquo;&nbsp;Pitch &#038; Storytelling&nbsp;&raquo;<\/span><\/a><\/p>\n","protected":false},"author":1,"featured_media":186,"parent":0,"menu_order":0,"comment_status":"closed","ping_status":"closed","template":"","meta":{"footnotes":""},"class_list":["post-68","page","type-page","status-publish","has-post-thumbnail","hentry"],"_links":{"self":[{"href":"https:\/\/eloa-sahiry.fr\/index.php\/wp-json\/wp\/v2\/pages\/68","targetHints":{"allow":["GET"]}}],"collection":[{"href":"https:\/\/eloa-sahiry.fr\/index.php\/wp-json\/wp\/v2\/pages"}],"about":[{"href":"https:\/\/eloa-sahiry.fr\/index.php\/wp-json\/wp\/v2\/types\/page"}],"author":[{"embeddable":true,"href":"https:\/\/eloa-sahiry.fr\/index.php\/wp-json\/wp\/v2\/users\/1"}],"replies":[{"embeddable":true,"href":"https:\/\/eloa-sahiry.fr\/index.php\/wp-json\/wp\/v2\/comments?post=68"}],"version-history":[{"count":16,"href":"https:\/\/eloa-sahiry.fr\/index.php\/wp-json\/wp\/v2\/pages\/68\/revisions"}],"predecessor-version":[{"id":343,"href":"https:\/\/eloa-sahiry.fr\/index.php\/wp-json\/wp\/v2\/pages\/68\/revisions\/343"}],"wp:featuredmedia":[{"embeddable":true,"href":"https:\/\/eloa-sahiry.fr\/index.php\/wp-json\/wp\/v2\/media\/186"}],"wp:attachment":[{"href":"https:\/\/eloa-sahiry.fr\/index.php\/wp-json\/wp\/v2\/media?parent=68"}],"curies":[{"name":"wp","href":"https:\/\/api.w.org\/{rel}","templated":true}]}}