{"id":8,"date":"2016-12-17T15:17:55","date_gmt":"2016-12-17T14:17:55","guid":{"rendered":"https:\/\/eloa-sahiry.fr\/?page_id=8"},"modified":"2017-05-30T14:41:41","modified_gmt":"2017-05-30T12:41:41","slug":"a-propos-de","status":"publish","type":"page","link":"https:\/\/eloa-sahiry.fr\/index.php\/a-propos-de\/","title":{"rendered":"\u00c0 propos de"},"content":{"rendered":"<p>Depuis 10 ans Consultante RH &#8211; Formatrice, apr\u00e8s 17 ans de production dans l\u2019industrie au c\u0153ur d&rsquo;un secteur en plein bouleversement cr\u00e9atif et technologique :\u00a0 le num\u00e9rique.<\/p>\n<p><em>Business Unit Manager<\/em> et<em> Business Affairs<\/em> sur des syst\u00e8mes complexes \u00e0 l\u2019international et \u00e0 hauts niveaux de performance, j\u2019ai d\u00fb sortir des \u00ab\u00a0sentiers battus\u00a0\u00bb pour trouver des r\u00e9ponses appropri\u00e9es \u00e0 des besoins de terrain toujours nouveaux.<\/p>\n<p>Travailler sur la gestion de projets en mode it\u00e9ratif et agile avec des ing\u00e9nieurs R&amp;D et des talents, jeunes ou s\u00e9niors, reconnus pour leurs comp\u00e9tences et leurs capacit\u00e9s d\u2019innovation, constitue une exp\u00e9rience humaine riche.<\/p>\n<p>Mon management\u00a0a toujours eu pour objectif de mettre en action la plus forte plus-value et levier de performance en entreprise\u00a0:<\/p>\n<p style=\"text-align: center;\"><strong>l\u2019humain.<\/strong><\/p>\n<p>Faire \u00e9clore la transversalit\u00e9 des potentiels, accompagner, structurer, former et aider les personnes \u00e0 trouver du sens, \u00e0 investir en elles-m\u00eames pour d\u00e9velopper ces \u00ab\u00a0talents\u00a0\u00bb.<\/p>\n<p>Aujourd\u2019hui, mes champs d\u2019actions vont de la g\u00e9n\u00e9ration Z vers l\u2019entreprise, de l\u2019individu au manager, du porteur d\u2019id\u00e9es \u00e0 l\u2019intrapreneur, de l\u2019entrepreneur-e sur ses march\u00e9s jusqu\u2019au leader dans son entreprise.<\/p>\n<p>Inspirer confiance et int\u00e9r\u00eat \u00e0 d\u2019\u00e9ventuels investisseurs pour conqu\u00e9rir de nouveaux march\u00e9s, d\u00e9sormais, \u00e0 l\u2019heure de l\u2019information instantan\u00e9e, nos interlocuteurs exigent plus que jamais clart\u00e9, attention et efficacit\u00e9.<\/p>\n<p style=\"text-align: center;\"><strong>Accompagner. Transmettre. Structurer.<\/strong><\/p>\n<p>Je collabore avec des directeurs et producteurs en accompagnant leurs \u00e9quipes d\u2019encadrement en management et organisation. Changer de positionnement en faisant un pas de c\u00f4t\u00e9 va connecter votre public \u00e0 vos id\u00e9es. Et un public qui se connecte \u00e0 vos id\u00e9es aura envie de changer.<\/p>\n<p>L\u2019ing\u00e9nierie p\u00e9dagogique r\u00e9pond \u00e0 ce niveau d\u2019exigences. Savoir viser juste pour faire sens et traduire parfaitement ce qu\u2019il y a besoin de transmettre. Je cr\u00e9e des modules de formation sur mesure pour apporter des pratiques fondamentales en <em>hard skills <\/em>(comp\u00e9tences m\u00e9tiers) et en <em>soft skills<\/em> (<em>leadership<\/em>, communication, motivation, cr\u00e9ativit\u00e9, etc.).<\/p>\n<p style=\"text-align: center;\"><strong>Etre en coh\u00e9rence avec ce qu\u2019on est, ce qu\u2019on am\u00e8ne et ce qu\u2019on vise.<\/strong><\/p>\n<p>L\u2019apprentissage continue, l\u2019\u00e9quilibre, l\u2019ancrage et le d\u00e9passement de soi font parties int\u00e9grantes de mes valeurs inculqu\u00e9es dans le milieu du sport et une double carri\u00e8re amateur en spectacle vivant.<\/p>\n<p>Je travaille au sein d\u2019institutions professionnelles artistiques fran\u00e7aises de renom. Former et structurer le parcours de professionnels pour r\u00e9v\u00e9ler les \u00ab\u00a0talents\u00a0\u00bb en devenir et en reconversion reste un c\u0153ur de m\u00e9tier que j\u2019exer\u00e7ais d\u00e9j\u00e0 en tant que Manager dans l\u2019industrie.<\/p>\n<p>Je n&rsquo;h\u00e9site pas \u00e0 mixer l&rsquo;industrie et les arts, la performance et la p\u00e9dagogie, les fondamentaux et le digital, l&rsquo;anglais et le fran\u00e7ais.<\/p>\n<p>C&rsquo;est sur le terrain que nos comp\u00e9tences font la diff\u00e9rence. Et c\u2019est en cela que r\u00e9side ma singularit\u00e9.<\/p>\n","protected":false},"excerpt":{"rendered":"<p>Depuis 10 ans Consultante RH &#8211; Formatrice, apr\u00e8s 17 ans de production dans l\u2019industrie au c\u0153ur d&rsquo;un secteur en plein bouleversement cr\u00e9atif et technologique :\u00a0 le num\u00e9rique. Business Unit Manager et Business Affairs sur des syst\u00e8mes complexes \u00e0 l\u2019international et \u00e0 hauts niveaux de performance, j\u2019ai d\u00fb sortir des \u00ab\u00a0sentiers battus\u00a0\u00bb pour trouver des r\u00e9ponses &hellip; <\/p>\n<p class=\"link-more\"><a href=\"https:\/\/eloa-sahiry.fr\/index.php\/a-propos-de\/\" class=\"more-link\">Continuer la lecture<span class=\"screen-reader-text\"> de &laquo;&nbsp;\u00c0 propos de&nbsp;&raquo;<\/span><\/a><\/p>\n","protected":false},"author":1,"featured_media":188,"parent":0,"menu_order":0,"comment_status":"closed","ping_status":"closed","template":"","meta":{"footnotes":""},"class_list":["post-8","page","type-page","status-publish","has-post-thumbnail","hentry"],"_links":{"self":[{"href":"https:\/\/eloa-sahiry.fr\/index.php\/wp-json\/wp\/v2\/pages\/8","targetHints":{"allow":["GET"]}}],"collection":[{"href":"https:\/\/eloa-sahiry.fr\/index.php\/wp-json\/wp\/v2\/pages"}],"about":[{"href":"https:\/\/eloa-sahiry.fr\/index.php\/wp-json\/wp\/v2\/types\/page"}],"author":[{"embeddable":true,"href":"https:\/\/eloa-sahiry.fr\/index.php\/wp-json\/wp\/v2\/users\/1"}],"replies":[{"embeddable":true,"href":"https:\/\/eloa-sahiry.fr\/index.php\/wp-json\/wp\/v2\/comments?post=8"}],"version-history":[{"count":17,"href":"https:\/\/eloa-sahiry.fr\/index.php\/wp-json\/wp\/v2\/pages\/8\/revisions"}],"predecessor-version":[{"id":345,"href":"https:\/\/eloa-sahiry.fr\/index.php\/wp-json\/wp\/v2\/pages\/8\/revisions\/345"}],"wp:featuredmedia":[{"embeddable":true,"href":"https:\/\/eloa-sahiry.fr\/index.php\/wp-json\/wp\/v2\/media\/188"}],"wp:attachment":[{"href":"https:\/\/eloa-sahiry.fr\/index.php\/wp-json\/wp\/v2\/media?parent=8"}],"curies":[{"name":"wp","href":"https:\/\/api.w.org\/{rel}","templated":true}]}}